{"id":749,"date":"2019-09-18T12:25:46","date_gmt":"2019-09-18T10:25:46","guid":{"rendered":"http:\/\/localhost:8080\/ARCHE%20VALEUR%20\/AVE-ZOODO\/?page_id=749"},"modified":"2020-08-28T19:51:13","modified_gmt":"2020-08-28T17:51:13","slug":"court-metrage-la-sagesse","status":"publish","type":"page","link":"https:\/\/ave-zoodo.org\/index.php\/court-metrage-la-sagesse\/","title":{"rendered":"Court M\u00e9trage \u00ab\u00a0La Sagesse\u00a0\u00bb"},"content":{"rendered":"\t\t<div data-elementor-type=\"wp-page\" data-elementor-id=\"749\" class=\"elementor elementor-749\" data-elementor-settings=\"[]\">\n\t\t\t\t\t\t<div class=\"elementor-inner\">\n\t\t\t\t\t\t\t<div class=\"elementor-section-wrap\">\n\t\t\t\t\t\t\t<section class=\"elementor-section elementor-top-section elementor-element elementor-element-76e0588 elementor-section-stretched elementor-section-boxed elementor-section-height-default elementor-section-height-default\" data-id=\"76e0588\" data-element_type=\"section\" data-settings=\"{&quot;background_background&quot;:&quot;classic&quot;,&quot;stretch_section&quot;:&quot;section-stretched&quot;}\">\n\t\t\t\t\t\t<div class=\"elementor-container elementor-column-gap-no\">\n\t\t\t\t\t\t\t<div class=\"elementor-row\">\n\t\t\t\t\t<div class=\"elementor-column elementor-col-100 elementor-top-column elementor-element elementor-element-25e0cba\" data-id=\"25e0cba\" data-element_type=\"column\">\n\t\t\t<div class=\"elementor-column-wrap elementor-element-populated\">\n\t\t\t\t\t\t\t<div class=\"elementor-widget-wrap\">\n\t\t\t\t\t\t<section class=\"elementor-section elementor-inner-section elementor-element elementor-element-773caa4 elementor-section-boxed elementor-section-height-default elementor-section-height-default\" data-id=\"773caa4\" data-element_type=\"section\">\n\t\t\t\t\t\t<div class=\"elementor-container elementor-column-gap-narrow\">\n\t\t\t\t\t\t\t<div class=\"elementor-row\">\n\t\t\t\t\t<div class=\"elementor-column elementor-col-50 elementor-inner-column elementor-element elementor-element-8089bda\" data-id=\"8089bda\" data-element_type=\"column\">\n\t\t\t<div class=\"elementor-column-wrap elementor-element-populated\">\n\t\t\t\t\t\t\t<div class=\"elementor-widget-wrap\">\n\t\t\t\t\t\t<div class=\"elementor-element elementor-element-060ebbe elementor-align-left elementor-hidden-tablet elementor-hidden-phone elementor-widget elementor-widget-button\" data-id=\"060ebbe\" data-element_type=\"widget\" data-widget_type=\"button.default\">\n\t\t\t\t<div class=\"elementor-widget-container\">\n\t\t\t\t\t<div class=\"elementor-button-wrapper\">\n\t\t\t<a href=\"https:\/\/www.helloasso.com\/associations\/ave-zoodo\/formulaires\/1\" class=\"elementor-button-link elementor-button elementor-size-xs elementor-animation-sink\" role=\"button\">\n\t\t\t\t\t\t<span class=\"elementor-button-content-wrapper\">\n\t\t\t\t\t\t<span class=\"elementor-button-text\">Faire un don ! <\/span>\n\t\t<\/span>\n\t\t\t\t\t<\/a>\n\t\t<\/div>\n\t\t\t\t<\/div>\n\t\t\t\t<\/div>\n\t\t\t\t\t\t<\/div>\n\t\t\t\t\t<\/div>\n\t\t<\/div>\n\t\t\t\t<div class=\"elementor-column elementor-col-50 elementor-inner-column elementor-element elementor-element-67a471c\" data-id=\"67a471c\" data-element_type=\"column\">\n\t\t\t<div class=\"elementor-column-wrap elementor-element-populated\">\n\t\t\t\t\t\t\t<div class=\"elementor-widget-wrap\">\n\t\t\t\t\t\t<div class=\"elementor-element elementor-element-26ac6c8 elementor-shape-square e-grid-align-right elementor-grid-0 elementor-widget elementor-widget-social-icons\" data-id=\"26ac6c8\" data-element_type=\"widget\" data-widget_type=\"social-icons.default\">\n\t\t\t\t<div class=\"elementor-widget-container\">\n\t\t\t\t\t<div class=\"elementor-social-icons-wrapper elementor-grid\">\n\t\t\t\t\t\t\t<span class=\"elementor-grid-item\">\n\t\t\t\t\t<a class=\"elementor-icon elementor-social-icon elementor-social-icon-instagram elementor-animation-sink elementor-repeater-item-3cf2d44\" href=\"https:\/\/www.instagram.com\/avezoodo\/\" target=\"_blank\">\n\t\t\t\t\t\t<span class=\"elementor-screen-only\">Instagram<\/span>\n\t\t\t\t\t\t\t\t\t\t\t\t\t<i class=\"fa fa-instagram\"><\/i>\n\t\t\t\t\t\t\t\t\t\t\t<\/a>\n\t\t\t\t<\/span>\n\t\t\t\t\t\t\t<span class=\"elementor-grid-item\">\n\t\t\t\t\t<a class=\"elementor-icon elementor-social-icon elementor-social-icon-youtube elementor-animation-sink elementor-repeater-item-8df6562\" href=\"https:\/\/www.youtube.com\/channel\/UCmGhImEZNF3PKJur_GfQdKg\" target=\"_blank\">\n\t\t\t\t\t\t<span class=\"elementor-screen-only\">Youtube<\/span>\n\t\t\t\t\t\t\t\t\t\t\t\t\t<i class=\"fa fa-youtube\"><\/i>\n\t\t\t\t\t\t\t\t\t\t\t<\/a>\n\t\t\t\t<\/span>\n\t\t\t\t\t<\/div>\n\t\t\t\t<\/div>\n\t\t\t\t<\/div>\n\t\t\t\t\t\t<\/div>\n\t\t\t\t\t<\/div>\n\t\t<\/div>\n\t\t\t\t\t\t\t\t<\/div>\n\t\t\t\t\t<\/div>\n\t\t<\/section>\n\t\t\t\t\t\t<\/div>\n\t\t\t\t\t<\/div>\n\t\t<\/div>\n\t\t\t\t\t\t\t\t<\/div>\n\t\t\t\t\t<\/div>\n\t\t<\/section>\n\t\t\t\t<section class=\"elementor-section elementor-top-section elementor-element elementor-element-bea301c elementor-section-boxed elementor-section-height-default elementor-section-height-default\" data-id=\"bea301c\" data-element_type=\"section\">\n\t\t\t\t\t\t<div class=\"elementor-container elementor-column-gap-default\">\n\t\t\t\t\t\t\t<div class=\"elementor-row\">\n\t\t\t\t\t<div class=\"elementor-column elementor-col-100 elementor-top-column elementor-element elementor-element-3559ec4\" data-id=\"3559ec4\" data-element_type=\"column\">\n\t\t\t<div class=\"elementor-column-wrap elementor-element-populated\">\n\t\t\t\t\t\t\t<div class=\"elementor-widget-wrap\">\n\t\t\t\t\t\t<div class=\"elementor-element elementor-element-db1018a elementor-widget elementor-widget-image\" data-id=\"db1018a\" data-element_type=\"widget\" data-widget_type=\"image.default\">\n\t\t\t\t<div class=\"elementor-widget-container\">\n\t\t\t\t\t\t\t\t<div class=\"elementor-image\">\n\t\t\t\t\t\t\t\t\t\t\t\t\t<a href=\"https:\/\/ave-zoodo.org\/\">\n\t\t\t\t\t\t\t<img src=\"https:\/\/ave-zoodo.org\/wp-content\/uploads\/elementor\/thumbs\/AVE-ZODDO-blanc-oukm1cf64k33gyk18g0unjys04wn9aiyy1ots9239w.png\" title=\"AVE ZODDO &#8211; blanc\" alt=\"AVE ZODDO - blanc\" \/>\t\t\t\t\t\t\t\t<\/a>\n\t\t\t\t\t\t\t\t\t\t\t\t\t\t<\/div>\n\t\t\t\t\t\t<\/div>\n\t\t\t\t<\/div>\n\t\t\t\t\t\t<\/div>\n\t\t\t\t\t<\/div>\n\t\t<\/div>\n\t\t\t\t\t\t\t\t<\/div>\n\t\t\t\t\t<\/div>\n\t\t<\/section>\n\t\t\t\t<section class=\"elementor-section elementor-top-section elementor-element elementor-element-b8681b8 elementor-section-content-middle elementor-section-boxed elementor-section-height-default elementor-section-height-default\" data-id=\"b8681b8\" data-element_type=\"section\">\n\t\t\t\t\t\t<div class=\"elementor-container elementor-column-gap-default\">\n\t\t\t\t\t\t\t<div class=\"elementor-row\">\n\t\t\t\t\t<div class=\"elementor-column elementor-col-100 elementor-top-column elementor-element elementor-element-da5e061\" data-id=\"da5e061\" data-element_type=\"column\">\n\t\t\t<div class=\"elementor-column-wrap elementor-element-populated\">\n\t\t\t\t\t\t\t<div class=\"elementor-widget-wrap\">\n\t\t\t\t\t\t<div class=\"elementor-element elementor-element-68715e1 elementor-widget elementor-widget-wp-widget-maxmegamenu\" data-id=\"68715e1\" data-element_type=\"widget\" data-widget_type=\"wp-widget-maxmegamenu.default\">\n\t\t\t\t<div class=\"elementor-widget-container\">\n\t\t\t<div id=\"mega-menu-wrap-primary\" class=\"mega-menu-wrap\"><div class=\"mega-menu-toggle\"><div class=\"mega-toggle-blocks-left\"><\/div><div class=\"mega-toggle-blocks-center\"><\/div><div class=\"mega-toggle-blocks-right\"><div class='mega-toggle-block mega-menu-toggle-block mega-toggle-block-1' id='mega-toggle-block-1' tabindex='0'><span class='mega-toggle-label' role='button' aria-expanded='false'><span class='mega-toggle-label-closed'>MENU<\/span><span class='mega-toggle-label-open'>MENU<\/span><\/span><\/div><\/div><\/div><ul id=\"mega-menu-primary\" class=\"mega-menu max-mega-menu mega-menu-horizontal mega-no-js\" data-event=\"hover_intent\" data-effect=\"fade_up\" data-effect-speed=\"200\" data-effect-mobile=\"disabled\" data-effect-speed-mobile=\"0\" data-mobile-force-width=\"false\" data-second-click=\"go\" data-document-click=\"collapse\" data-vertical-behaviour=\"standard\" data-breakpoint=\"600\" data-unbind=\"true\" data-mobile-state=\"collapse_all\" data-hover-intent-timeout=\"300\" data-hover-intent-interval=\"100\"><li class='mega-menu-item mega-menu-item-type-post_type mega-menu-item-object-page mega-menu-item-home mega-align-bottom-left mega-menu-flyout mega-menu-item-40' id='mega-menu-item-40'><a class=\"mega-menu-link\" href=\"https:\/\/ave-zoodo.org\/\" tabindex=\"0\">Accueil<\/a><\/li><li class='mega-menu-item mega-menu-item-type-post_type mega-menu-item-object-page mega-align-bottom-left mega-menu-flyout mega-menu-item-516' id='mega-menu-item-516'><a class=\"mega-menu-link\" href=\"https:\/\/ave-zoodo.org\/index.php\/mission\/\" tabindex=\"0\">Mission<\/a><\/li><li class='mega-menu-item mega-menu-item-type-post_type mega-menu-item-object-page mega-align-bottom-left mega-menu-flyout mega-menu-item-515' id='mega-menu-item-515'><a class=\"mega-menu-link\" href=\"https:\/\/ave-zoodo.org\/index.php\/decouvrir\/\" tabindex=\"0\">D\u00e9couvrir<\/a><\/li><\/ul><\/div>\t\t<\/div>\n\t\t\t\t<\/div>\n\t\t\t\t\t\t<\/div>\n\t\t\t\t\t<\/div>\n\t\t<\/div>\n\t\t\t\t\t\t\t\t<\/div>\n\t\t\t\t\t<\/div>\n\t\t<\/section>\n\t\t\t\t<section class=\"elementor-section elementor-top-section elementor-element elementor-element-4f726cc elementor-section-content-middle elementor-section-boxed elementor-section-height-default elementor-section-height-default\" data-id=\"4f726cc\" data-element_type=\"section\" data-settings=\"{&quot;background_background&quot;:&quot;classic&quot;}\">\n\t\t\t\t\t\t\t<div class=\"elementor-background-overlay\"><\/div>\n\t\t\t\t\t\t\t<div class=\"elementor-container elementor-column-gap-extended\">\n\t\t\t\t\t\t\t<div class=\"elementor-row\">\n\t\t\t\t\t<div class=\"elementor-column elementor-col-100 elementor-top-column elementor-element elementor-element-145dee8\" data-id=\"145dee8\" data-element_type=\"column\" data-settings=\"{&quot;background_background&quot;:&quot;classic&quot;}\">\n\t\t\t<div class=\"elementor-column-wrap elementor-element-populated\">\n\t\t\t\t\t\t\t<div class=\"elementor-widget-wrap\">\n\t\t\t\t\t\t<div class=\"elementor-element elementor-element-c9558f2 elementor-invisible elementor-widget elementor-widget-heading\" data-id=\"c9558f2\" data-element_type=\"widget\" data-settings=\"{&quot;_animation&quot;:&quot;fadeInDown&quot;}\" data-widget_type=\"heading.default\">\n\t\t\t\t<div class=\"elementor-widget-container\">\n\t\t\t<h2 class=\"elementor-heading-title elementor-size-default\">D\u00e9COUVRIR<\/h2>\t\t<\/div>\n\t\t\t\t<\/div>\n\t\t\t\t\t\t<\/div>\n\t\t\t\t\t<\/div>\n\t\t<\/div>\n\t\t\t\t\t\t\t\t<\/div>\n\t\t\t\t\t<\/div>\n\t\t<\/section>\n\t\t\t\t<section class=\"elementor-section elementor-top-section elementor-element elementor-element-34fc197 elementor-section-boxed elementor-section-height-default elementor-section-height-default\" data-id=\"34fc197\" data-element_type=\"section\">\n\t\t\t\t\t\t<div class=\"elementor-container elementor-column-gap-default\">\n\t\t\t\t\t\t\t<div class=\"elementor-row\">\n\t\t\t\t\t<div class=\"elementor-column elementor-col-100 elementor-top-column elementor-element elementor-element-f5bd104\" data-id=\"f5bd104\" data-element_type=\"column\">\n\t\t\t<div class=\"elementor-column-wrap elementor-element-populated\">\n\t\t\t\t\t\t\t<div class=\"elementor-widget-wrap\">\n\t\t\t\t\t\t<div class=\"elementor-element elementor-element-98cbea0 elementor-widget elementor-widget-menu-anchor\" data-id=\"98cbea0\" data-element_type=\"widget\" data-widget_type=\"menu-anchor.default\">\n\t\t\t\t<div class=\"elementor-widget-container\">\n\t\t\t\t\t<div id=\"article5\" class=\"elementor-menu-anchor\"><\/div>\n\t\t\t\t<\/div>\n\t\t\t\t<\/div>\n\t\t\t\t\t\t<\/div>\n\t\t\t\t\t<\/div>\n\t\t<\/div>\n\t\t\t\t\t\t\t\t<\/div>\n\t\t\t\t\t<\/div>\n\t\t<\/section>\n\t\t\t\t<section class=\"elementor-section elementor-top-section elementor-element elementor-element-246ef9c elementor-section-content-middle elementor-section-boxed elementor-section-height-default elementor-section-height-default\" data-id=\"246ef9c\" data-element_type=\"section\" data-settings=\"{&quot;background_background&quot;:&quot;classic&quot;}\">\n\t\t\t\t\t\t\t<div class=\"elementor-background-overlay\"><\/div>\n\t\t\t\t\t\t\t<div class=\"elementor-container elementor-column-gap-default\">\n\t\t\t\t\t\t\t<div class=\"elementor-row\">\n\t\t\t\t\t<div class=\"elementor-column elementor-col-25 elementor-top-column elementor-element elementor-element-3f45da8\" data-id=\"3f45da8\" data-element_type=\"column\">\n\t\t\t<div class=\"elementor-column-wrap elementor-element-populated\">\n\t\t\t\t\t\t\t<div class=\"elementor-widget-wrap\">\n\t\t\t\t\t\t<div class=\"elementor-element elementor-element-a9c8ec8 elementor-aspect-ratio-169 elementor-widget elementor-widget-video\" data-id=\"a9c8ec8\" data-element_type=\"widget\" data-settings=\"{&quot;youtube_url&quot;:&quot;https:\\\/\\\/www.youtube.chttps:\\\/\\\/www.youtube.com\\\/watch?v=E_320eGDxx0&amp;t=om\\\/watch?v=XHOmBV4js_E&quot;,&quot;video_type&quot;:&quot;youtube&quot;,&quot;controls&quot;:&quot;yes&quot;,&quot;aspect_ratio&quot;:&quot;169&quot;}\" data-widget_type=\"video.default\">\n\t\t\t\t<div class=\"elementor-widget-container\">\n\t\t\t\t\t<div class=\"elementor-wrapper elementor-fit-aspect-ratio elementor-open-inline\">\n\t\t\t<div class=\"elementor-video\"><\/div>\t\t<\/div>\n\t\t\t\t<\/div>\n\t\t\t\t<\/div>\n\t\t\t\t\t\t<\/div>\n\t\t\t\t\t<\/div>\n\t\t<\/div>\n\t\t\t\t<div class=\"elementor-column elementor-col-25 elementor-top-column elementor-element elementor-element-434538f\" data-id=\"434538f\" data-element_type=\"column\">\n\t\t\t<div class=\"elementor-column-wrap\">\n\t\t\t\t\t\t\t<div class=\"elementor-widget-wrap\">\n\t\t\t\t\t\t\t\t<\/div>\n\t\t\t\t\t<\/div>\n\t\t<\/div>\n\t\t\t\t<div class=\"elementor-column elementor-col-25 elementor-top-column elementor-element elementor-element-dbeb31f\" data-id=\"dbeb31f\" data-element_type=\"column\" data-settings=\"{&quot;background_background&quot;:&quot;classic&quot;}\">\n\t\t\t<div class=\"elementor-column-wrap elementor-element-populated\">\n\t\t\t\t\t\t\t<div class=\"elementor-widget-wrap\">\n\t\t\t\t\t\t<div class=\"elementor-element elementor-element-d671232 elementor-widget elementor-widget-spacer\" data-id=\"d671232\" data-element_type=\"widget\" data-widget_type=\"spacer.default\">\n\t\t\t\t<div class=\"elementor-widget-container\">\n\t\t\t\t\t<div class=\"elementor-spacer\">\n\t\t\t<div class=\"elementor-spacer-inner\"><\/div>\n\t\t<\/div>\n\t\t\t\t<\/div>\n\t\t\t\t<\/div>\n\t\t\t\t<div class=\"elementor-element elementor-element-08a0ac8 elementor-widget elementor-widget-image\" data-id=\"08a0ac8\" data-element_type=\"widget\" data-widget_type=\"image.default\">\n\t\t\t\t<div class=\"elementor-widget-container\">\n\t\t\t\t\t\t\t\t<div class=\"elementor-image\">\n\t\t\t\t\t\t\t\t\t\t\t\t<img width=\"313\" height=\"379\" src=\"https:\/\/ave-zoodo.org\/wp-content\/uploads\/2019\/04\/AVE-ZODDO-blanc-copie-e1554741272549.png\" class=\"attachment-full size-full\" alt=\"\" loading=\"lazy\" srcset=\"https:\/\/ave-zoodo.org\/wp-content\/uploads\/2019\/04\/AVE-ZODDO-blanc-copie-e1554741272549.png 313w, https:\/\/ave-zoodo.org\/wp-content\/uploads\/2019\/04\/AVE-ZODDO-blanc-copie-e1554741272549-248x300.png 248w\" sizes=\"(max-width: 313px) 100vw, 313px\" \/>\t\t\t\t\t\t\t\t\t\t\t\t\t\t<\/div>\n\t\t\t\t\t\t<\/div>\n\t\t\t\t<\/div>\n\t\t\t\t<div class=\"elementor-element elementor-element-f53519e elementor-invisible elementor-widget elementor-widget-heading\" data-id=\"f53519e\" data-element_type=\"widget\" data-settings=\"{&quot;_animation&quot;:&quot;fadeInDown&quot;}\" data-widget_type=\"heading.default\">\n\t\t\t\t<div class=\"elementor-widget-container\">\n\t\t\t<h2 class=\"elementor-heading-title elementor-size-default\">COURT M\u00c9TRAGE \"LA SAGESSE\" \n<\/h2>\t\t<\/div>\n\t\t\t\t<\/div>\n\t\t\t\t<div class=\"elementor-element elementor-element-42a01ec elementor-widget-divider--view-line elementor-widget elementor-widget-divider\" data-id=\"42a01ec\" data-element_type=\"widget\" data-widget_type=\"divider.default\">\n\t\t\t\t<div class=\"elementor-widget-container\">\n\t\t\t\t\t<div class=\"elementor-divider\">\n\t\t\t<span class=\"elementor-divider-separator\">\n\t\t\t\t\t\t<\/span>\n\t\t<\/div>\n\t\t\t\t<\/div>\n\t\t\t\t<\/div>\n\t\t\t\t<div class=\"elementor-element elementor-element-de47ccd elementor-invisible elementor-widget elementor-widget-text-editor\" data-id=\"de47ccd\" data-element_type=\"widget\" data-settings=\"{&quot;_animation&quot;:&quot;fadeInUp&quot;,&quot;_animation_delay&quot;:400}\" data-widget_type=\"text-editor.default\">\n\t\t\t\t<div class=\"elementor-widget-container\">\n\t\t\t\t\t\t\t\t<div class=\"elementor-text-editor elementor-clearfix\">\n\t\t\t\t\t<div id=\"comp-jn4rqwte\" class=\"txtNew\" data-packed=\"false\" data-min-height=\"242\"><p class=\"font_8\" style=\"margin-bottom: 0px; background: 0px 0px; font-style: normal; font-variant-numeric: normal; font-variant-east-asian: normal; font-weight: 400; font-stretch: normal; font-size: 14px; line-height: normal; font-family: 'courier new', courier-ps-w01, courier-ps-w02, courier-ps-w10, monospace; color: #726277; pointer-events: auto; text-align: start;\"><span style=\"background: 0px 0px; font-family: futura-lt-w01-light, sans-serif;\"><span class=\"color_15\" style=\"background: 0px 0px; color: #262027;\">Court m\u00e9trage, r\u00e9alis\u00e9 en f\u00e9vrier 2018 \u00e0 Ouagadougou, au Burkina Faso.<\/span><\/span><\/p><p class=\"font_8\" style=\"margin-bottom: 0px; background: 0px 0px; font-style: normal; font-variant-numeric: normal; font-variant-east-asian: normal; font-weight: 400; font-stretch: normal; font-size: 14px; line-height: normal; font-family: 'courier new', courier-ps-w01, courier-ps-w02, courier-ps-w10, monospace; color: #726277; pointer-events: auto; text-align: start;\">\u00a0<\/p><p class=\"font_8\" style=\"margin-bottom: 0px; background: 0px 0px; font-style: normal; font-variant-numeric: normal; font-variant-east-asian: normal; font-weight: 400; font-stretch: normal; font-size: 14px; line-height: normal; font-family: 'courier new', courier-ps-w01, courier-ps-w02, courier-ps-w10, monospace; color: #726277; pointer-events: auto; text-align: start;\"><span style=\"background: 0px 0px; font-family: futura-lt-w01-light, sans-serif;\"><span class=\"color_15\" style=\"background: 0px 0px; color: #262027;\">\u00ab La Sagesse \u00bb illustre la rencontre entre Athanase Rouamba et Patrick Gadiolet en terre d\u2019Afrique.<\/span><\/span><\/p><p class=\"font_8\" style=\"margin-bottom: 0px; background: 0px 0px; font-style: normal; font-variant-numeric: normal; font-variant-east-asian: normal; font-weight: 400; font-stretch: normal; font-size: 14px; line-height: normal; font-family: 'courier new', courier-ps-w01, courier-ps-w02, courier-ps-w10, monospace; color: #726277; pointer-events: auto; text-align: start;\"><span style=\"background: 0px 0px; font-family: futura-lt-w01-light, sans-serif;\"><span class=\"color_15\" style=\"background: 0px 0px; color: #262027;\">Ce film est l\u2019occasion de revenir sur leur histoire, mais aussi de r\u00e9fl\u00e9chir sur la sagesse africaine.<\/span><\/span><\/p><p class=\"font_8\" style=\"margin-bottom: 0px; background: 0px 0px; font-style: normal; font-variant-numeric: normal; font-variant-east-asian: normal; font-weight: 400; font-stretch: normal; font-size: 14px; line-height: normal; font-family: 'courier new', courier-ps-w01, courier-ps-w02, courier-ps-w10, monospace; color: #726277; pointer-events: auto; text-align: start;\">\u00a0<\/p><p class=\"font_8\" style=\"margin-bottom: 0px; background: 0px 0px; font-style: normal; font-variant-numeric: normal; font-variant-east-asian: normal; font-weight: 400; font-stretch: normal; font-size: 14px; line-height: normal; font-family: 'courier new', courier-ps-w01, courier-ps-w02, courier-ps-w10, monospace; color: #726277; pointer-events: auto; text-align: start;\"><span class=\"color_15\" style=\"background: 0px 0px; color: #262027;\"><span style=\"background: 0px 0px; font-family: futura-lt-w01-light, sans-serif;\">Ce film a \u00e9t\u00e9 r\u00e9alis\u00e9 par Martin Gadiolet, en collaboration \u00e9troite avec Louis et Baptiste Gadiolet.\u00a0<\/span><\/span><\/p><\/div>\t\t\t\t\t<\/div>\n\t\t\t\t\t\t<\/div>\n\t\t\t\t<\/div>\n\t\t\t\t<div class=\"elementor-element elementor-element-d57409b elementor-align-center elementor-widget elementor-widget-button\" data-id=\"d57409b\" data-element_type=\"widget\" data-widget_type=\"button.default\">\n\t\t\t\t<div class=\"elementor-widget-container\">\n\t\t\t\t\t<div class=\"elementor-button-wrapper\">\n\t\t\t<a href=\"https:\/\/ave-zoodo.org\/index.php\/decouvrir\/#menu\" class=\"elementor-button-link elementor-button elementor-size-lg elementor-animation-shrink\" role=\"button\">\n\t\t\t\t\t\t<span class=\"elementor-button-content-wrapper\">\n\t\t\t\t\t\t<span class=\"elementor-button-icon elementor-align-icon-left\">\n\t\t\t\t<i aria-hidden=\"true\" class=\"fas fa-angle-left\"><\/i>\t\t\t<\/span>\n\t\t\t\t\t\t<span class=\"elementor-button-text\">Retour<\/span>\n\t\t<\/span>\n\t\t\t\t\t<\/a>\n\t\t<\/div>\n\t\t\t\t<\/div>\n\t\t\t\t<\/div>\n\t\t\t\t<div class=\"elementor-element elementor-element-065b9d3 elementor-widget elementor-widget-spacer\" data-id=\"065b9d3\" data-element_type=\"widget\" data-widget_type=\"spacer.default\">\n\t\t\t\t<div class=\"elementor-widget-container\">\n\t\t\t\t\t<div class=\"elementor-spacer\">\n\t\t\t<div class=\"elementor-spacer-inner\"><\/div>\n\t\t<\/div>\n\t\t\t\t<\/div>\n\t\t\t\t<\/div>\n\t\t\t\t\t\t<\/div>\n\t\t\t\t\t<\/div>\n\t\t<\/div>\n\t\t\t\t<div class=\"elementor-column elementor-col-25 elementor-top-column elementor-element elementor-element-6395416\" data-id=\"6395416\" data-element_type=\"column\">\n\t\t\t<div class=\"elementor-column-wrap\">\n\t\t\t\t\t\t\t<div class=\"elementor-widget-wrap\">\n\t\t\t\t\t\t\t\t<\/div>\n\t\t\t\t\t<\/div>\n\t\t<\/div>\n\t\t\t\t\t\t\t\t<\/div>\n\t\t\t\t\t<\/div>\n\t\t<\/section>\n\t\t\t\t<section class=\"elementor-section elementor-top-section elementor-element elementor-element-e2f23cb elementor-section-boxed elementor-section-height-default elementor-section-height-default\" data-id=\"e2f23cb\" data-element_type=\"section\" data-settings=\"{&quot;background_background&quot;:&quot;classic&quot;}\">\n\t\t\t\t\t\t\t<div class=\"elementor-background-overlay\"><\/div>\n\t\t\t\t\t\t\t<div class=\"elementor-container elementor-column-gap-wide\">\n\t\t\t\t\t\t\t<div class=\"elementor-row\">\n\t\t\t\t\t<div class=\"elementor-column elementor-col-100 elementor-top-column elementor-element elementor-element-2a9fbe6\" data-id=\"2a9fbe6\" data-element_type=\"column\">\n\t\t\t<div class=\"elementor-column-wrap elementor-element-populated\">\n\t\t\t\t\t\t\t<div class=\"elementor-widget-wrap\">\n\t\t\t\t\t\t<div class=\"elementor-element elementor-element-774eb77 elementor-shape-rounded elementor-grid-0 e-grid-align-center elementor-widget elementor-widget-social-icons\" data-id=\"774eb77\" data-element_type=\"widget\" data-widget_type=\"social-icons.default\">\n\t\t\t\t<div class=\"elementor-widget-container\">\n\t\t\t\t\t<div class=\"elementor-social-icons-wrapper elementor-grid\">\n\t\t\t\t\t\t\t<span class=\"elementor-grid-item\">\n\t\t\t\t\t<a class=\"elementor-icon elementor-social-icon elementor-social-icon-instagram elementor-repeater-item-dda57b4\" href=\"https:\/\/www.instagram.com\/avezoodo\/\" target=\"_blank\">\n\t\t\t\t\t\t<span class=\"elementor-screen-only\">Instagram<\/span>\n\t\t\t\t\t\t<i class=\"fab fa-instagram\"><\/i>\t\t\t\t\t<\/a>\n\t\t\t\t<\/span>\n\t\t\t\t\t\t\t<span class=\"elementor-grid-item\">\n\t\t\t\t\t<a class=\"elementor-icon elementor-social-icon elementor-social-icon-youtube elementor-repeater-item-a27fdb9\" href=\"https:\/\/www.youtube.com\/channel\/UCmGhImEZNF3PKJur_GfQdKg\" target=\"_blank\">\n\t\t\t\t\t\t<span class=\"elementor-screen-only\">Youtube<\/span>\n\t\t\t\t\t\t<i class=\"fab fa-youtube\"><\/i>\t\t\t\t\t<\/a>\n\t\t\t\t<\/span>\n\t\t\t\t\t<\/div>\n\t\t\t\t<\/div>\n\t\t\t\t<\/div>\n\t\t\t\t\t\t<\/div>\n\t\t\t\t\t<\/div>\n\t\t<\/div>\n\t\t\t\t\t\t\t\t<\/div>\n\t\t\t\t\t<\/div>\n\t\t<\/section>\n\t\t\t\t\t\t<\/div>\n\t\t\t\t\t\t<\/div>\n\t\t\t\t\t<\/div>\n\t\t","protected":false},"excerpt":{"rendered":"<p>Faire un don ! Instagram Youtube D\u00e9COUVRIR https:\/\/www.youtube.chttps:\/\/www.youtube.com\/watch?v=E_320eGDxx0&#038;t=om\/watch?v=XHOmBV4js_E COURT M\u00c9TRAGE \u00ab\u00a0LA SAGESSE\u00a0\u00bb Court m\u00e9trage, r\u00e9alis\u00e9 en f\u00e9vrier 2018 \u00e0 Ouagadougou, au Burkina Faso. \u00a0 \u00ab La Sagesse \u00bb illustre la rencontre entre Athanase Rouamba et Patrick Gadiolet en terre d\u2019Afrique. Ce film est l\u2019occasion de revenir sur leur histoire, mais aussi de r\u00e9fl\u00e9chir sur la &hellip;<\/p>\n<p class=\"read-more\"> <a class=\"\" href=\"https:\/\/ave-zoodo.org\/index.php\/court-metrage-la-sagesse\/\"> <span class=\"screen-reader-text\">Court M\u00e9trage \u00ab\u00a0La Sagesse\u00a0\u00bb<\/span> Lire la suite\u00a0\u00bb<\/a><\/p>\n","protected":false},"author":1,"featured_media":0,"parent":0,"menu_order":0,"comment_status":"closed","ping_status":"closed","template":"","meta":[],"uagb_featured_image_src":{"full":false,"thumbnail":false,"medium":false,"medium_large":false,"large":false,"1536x1536":false,"2048x2048":false,"htmega_size_585x295":false,"htmega_size_1170x536":false,"htmega_size_396x360":false},"uagb_author_info":{"display_name":"Louis-G","author_link":"https:\/\/ave-zoodo.org\/index.php\/author\/louis-g\/"},"uagb_comment_info":0,"uagb_excerpt":"Faire un don ! Instagram Youtube D\u00e9COUVRIR https:\/\/www.youtube.chttps:\/\/www.youtube.com\/watch?v=E_320eGDxx0&#038;t=om\/watch?v=XHOmBV4js_E COURT M\u00c9TRAGE \u00ab\u00a0LA SAGESSE\u00a0\u00bb Court m\u00e9trage, r\u00e9alis\u00e9 en f\u00e9vrier 2018 \u00e0 Ouagadougou, au Burkina Faso. \u00a0 \u00ab La Sagesse \u00bb illustre la rencontre entre Athanase Rouamba et Patrick Gadiolet en terre d\u2019Afrique. Ce film est l\u2019occasion de revenir sur leur histoire, mais aussi de r\u00e9fl\u00e9chir sur la\u2026","_links":{"self":[{"href":"https:\/\/ave-zoodo.org\/index.php\/wp-json\/wp\/v2\/pages\/749"}],"collection":[{"href":"https:\/\/ave-zoodo.org\/index.php\/wp-json\/wp\/v2\/pages"}],"about":[{"href":"https:\/\/ave-zoodo.org\/index.php\/wp-json\/wp\/v2\/types\/page"}],"author":[{"embeddable":true,"href":"https:\/\/ave-zoodo.org\/index.php\/wp-json\/wp\/v2\/users\/1"}],"replies":[{"embeddable":true,"href":"https:\/\/ave-zoodo.org\/index.php\/wp-json\/wp\/v2\/comments?post=749"}],"version-history":[{"count":12,"href":"https:\/\/ave-zoodo.org\/index.php\/wp-json\/wp\/v2\/pages\/749\/revisions"}],"predecessor-version":[{"id":989,"href":"https:\/\/ave-zoodo.org\/index.php\/wp-json\/wp\/v2\/pages\/749\/revisions\/989"}],"wp:attachment":[{"href":"https:\/\/ave-zoodo.org\/index.php\/wp-json\/wp\/v2\/media?parent=749"}],"curies":[{"name":"wp","href":"https:\/\/api.w.org\/{rel}","templated":true}]}}